{"id":29,"date":"2013-11-18T06:03:30","date_gmt":"2013-11-18T06:03:30","guid":{"rendered":"http:\/\/robertmorgenthaler.ch\/?page_id=29"},"modified":"2021-08-13T10:00:06","modified_gmt":"2021-08-13T10:00:06","slug":"roots-of-communication-erika-stucky","status":"publish","type":"page","link":"https:\/\/robertmorgenthaler.ch\/?page_id=29","title":{"rendered":"> ERIKA STUCKY &#038; ROOTS"},"content":{"rendered":"<p><a href=\"http:\/\/robertmorgenthaler.ch\/wp-content\/uploads\/2013\/11\/cuba3.png\"><img loading=\"lazy\" decoding=\"async\" class=\"alignleft size-full wp-image-86\" alt=\"cuba3\" src=\"http:\/\/robertmorgenthaler.ch\/wp-content\/uploads\/2013\/11\/cuba3.png\" width=\"1414\" height=\"743\" srcset=\"https:\/\/robertmorgenthaler.ch\/wp-content\/uploads\/2013\/11\/cuba3.png 1739w, https:\/\/robertmorgenthaler.ch\/wp-content\/uploads\/2013\/11\/cuba3-300x157.png 300w, https:\/\/robertmorgenthaler.ch\/wp-content\/uploads\/2013\/11\/cuba3-1024x538.png 1024w, https:\/\/robertmorgenthaler.ch\/wp-content\/uploads\/2013\/11\/cuba3-695x365.png 695w\" sizes=\"auto, (max-width: 1414px) 100vw, 1414px\" \/><\/a><\/p>\n<p>&nbsp;<\/p>\n<p>&nbsp;<\/p>\n<p><iframe loading=\"lazy\" title=\"Erika Stucky &amp; Roots of Communication\" width=\"645\" height=\"484\" src=\"https:\/\/www.youtube.com\/embed\/6xQSSvdSLxg?feature=oembed\" frameborder=\"0\" allow=\"accelerometer; autoplay; clipboard-write; encrypted-media; gyroscope; picture-in-picture; web-share\" referrerpolicy=\"strict-origin-when-cross-origin\" allowfullscreen><\/iframe><\/p>\n<p><iframe loading=\"lazy\" title=\"HABOUB Sines\/Portugal\" width=\"645\" height=\"484\" src=\"https:\/\/www.youtube.com\/embed\/tJiN28hR6vs?feature=oembed\" frameborder=\"0\" allow=\"accelerometer; autoplay; clipboard-write; encrypted-media; gyroscope; picture-in-picture; web-share\" referrerpolicy=\"strict-origin-when-cross-origin\" allowfullscreen><\/iframe><\/p>\n<p>Pressestimmen zu ERIKA STUCKY &amp; ROOTS OF COMMUNICATION<\/p>\n<p>Norbert Krampf Frankfurter Allgemeine Zeitung, 22. 7. 04.Hinter jeder Note ein halbes Dutzend Einf\u00e4lle FAZ( Frankfurter Allgemeine Zeitung)<br \/>\nErika Stucky traumwandelt zwschen Jazz, Filmmusik und Schweizer Alpen-Folk Um so mehr begeistern ihre Ironie und ihre mal lakonische, mal theatralische Pr\u00e4senz mittlerweile ein immer gr\u00f6\u00dferes, generationen\u00fcbergreifendes Publikum. Skurriler Witz, charmante Conferencen und spielfreudiger Stilwillen werden im aktuellen Programm mit dem Trio \u201cRoots of Communication\u201d wieder einmal gewendet. Statt Coverversionen singt Stucky haupts\u00e4chlich eigene St\u00fccke, oft in ihrer Kunstsprache \u201cbubblinish\u201d. Dank Schlagzeuger Peter Horisberger pulsiert der Groove, zwischendurch klingen afrikanische oder arabeske Erinnerungen an. Jean-Jacques Pedretti und Robert Morgenthaler wuchten neben Posaunen auch ausgewachsene Alph\u00f6rner auf die B\u00fchne. \u201cDas Programm enth\u00e4lt viel Schweizerisches, sogar Jodler\u201d, sagt Stucky, \u201caber eben nicht die Bierzelt-Variante des Musikantenstadls, sondern archaische Lieder, deren leicht verstimmte \u00c4sthetik in manchen Ohren etwas dissonant klingt.\u201d<\/p>\n<p>Ob dieses Lokalkolorit, das seit einer Weile s\u00fcdlich der Alpen von einigen Musikern wiederentdeckt wird, gleicherma\u00dfen n\u00f6rdlich des Mains ankommt, wartet Erika Stucky gelassen ab. Nach f\u00fcnfzehn Jahren Karriere glaubt sie haupts\u00e4chlich an den eigenen langen Atem. \u201cWas ewig w\u00e4hrt, setzt sich durch \u2013 immerhin gab Frank Zappa anfangs auch vielen R\u00e4tsel auf, und irgendwann pr\u00e4gte man f\u00fcr seine Musik einfach einen neuen Begriff: zappaesk.\u201d<\/p>\n<p>. Rainer Kobe Badische Zeitung<\/p>\n<p>Freiburger Jazzgipfel\u2026.f\u00fcr den Abend dann hatte Morgenthaler \u201eein eineinhalbst\u00fcndiges Durchtr\u00f6ten\u201c versprochen. Und er brachte das Jazzhaus mit seinem seit einem Jahrzehnt bestehenden Trio \u201eRoots of Communication \u201e zum Beben. Nicht genug dass die \u00fcberbordernde Spiellaune der beiden Alphornbl\u00e4ser Morgenthaler und Jean-Jacques Pedretti, deren schattigen Kl\u00e4ngen der fabelhafte Schlagzeuger Peter Horisberger helle Kontraste entgegensetzte, f\u00fcr phantastische Stimmung sorgten. Das Klangspektrum wurde zus\u00e4tzlich durch die Posaune erweitert, die beide perfekt beherrschen. Keine platten Unisonopassagen sind zu h\u00f6ren, sondern st\u00e4ndig sich reibendes Spiel, das sich in Rhythmik und Melodik auff\u00e4chert. So findet treibender Swing zu modernen Stilistiken\u2026\u2026\u2026\u2026\u2026.<\/p>\n<p>\u2026\u2026\u2026die von Erika Stucky als Gast auf die Spitze getrieben werden Die S\u00e4ngerin nahm das Publikum mit auf eine beeindruckende Reise durch Folk, Rock, Pop und Jazz. Stucky die es von San Francisco ins Wallis verschlagen hat, harmonierte perfekt mit dem Trio, erz\u00e4hlte permanent erfundene oder erlebte Geschichten, mal heiter, mal z\u00e4rtlich, mal bodenst\u00e4ndig-\u00e4lplerisch, mal ernst. St\u00fccke wie \u201eThese boots are made for walking\u201c oder \u201eI put a spell on you\u201c wurden unter Stuckys Fuchtel zu neuen Kunstwerken, ironisch unterf\u00fcttert. Begeisterung im vollen Haus\u2026\u2026\u2026\u2026<\/p>\n<p>\u201eBingen swingt\u201c im zehnten Jahr&nbsp; vom 24. bis 26. Juni 2005<\/p>\n<p>Mit der NDR-Bigband und dem Posaunisten Joe Gallardo ging das dreit\u00e4gige Festival zu Ende, nachdem Multitalent Erika Stucky mit dem alternativen schweizerischen Volksmusik-Alphorn-Trio \u201eRoots of Communication\u201c einen letzten H\u00f6hepunkt gesetzt hatte. In diesem Schmelztiegel unterschiedlichster Kulturkreise entstanden ungewohnte, aber h\u00f6renswerte Klangr\u00e4ume, die einem Festival dieser Bandbreite den letzten Schliff verliehen. Die Schweizerin mit ihrem Alpen-Voodoo, den schr\u00e4gen Jodlern, den \u201efalschen\u201c Sinatra-Songs sowie dem Alphorn-Grummeln und den Muschel-Scats von Robert Morgenthaler und Jean-Jacques Pedretti war die gr\u00f6\u00dfte \u00dcberraschung dieses an ungew\u00f6hnlichen Kl\u00e4ngen nicht armen Festivals.<\/p>\n<p>&nbsp;<\/p>\n","protected":false},"excerpt":{"rendered":"<p>&nbsp; &nbsp; Pressestimmen zu ERIKA STUCKY &amp; ROOTS OF COMMUNICATION Norbert Krampf Frankfurter Allgemeine Zeitung, 22. 7. 04.Hinter jeder Note ein halbes Dutzend Einf\u00e4lle FAZ( Frankfurter Allgemeine Zeitung) Erika Stucky traumwandelt zwschen Jazz, Filmmusik und Schweizer Alpen-Folk Um so mehr begeistern ihre Ironie und ihre mal lakonische, mal theatralische Pr\u00e4senz mittlerweile ein immer gr\u00f6\u00dferes, generationen\u00fcbergreifendes [&hellip;]<\/p>\n","protected":false},"author":1,"featured_media":0,"parent":0,"menu_order":0,"comment_status":"closed","ping_status":"closed","template":"","meta":{"footnotes":""},"class_list":["post-29","page","type-page","status-publish","hentry"],"_links":{"self":[{"href":"https:\/\/robertmorgenthaler.ch\/index.php?rest_route=\/wp\/v2\/pages\/29","targetHints":{"allow":["GET"]}}],"collection":[{"href":"https:\/\/robertmorgenthaler.ch\/index.php?rest_route=\/wp\/v2\/pages"}],"about":[{"href":"https:\/\/robertmorgenthaler.ch\/index.php?rest_route=\/wp\/v2\/types\/page"}],"author":[{"embeddable":true,"href":"https:\/\/robertmorgenthaler.ch\/index.php?rest_route=\/wp\/v2\/users\/1"}],"replies":[{"embeddable":true,"href":"https:\/\/robertmorgenthaler.ch\/index.php?rest_route=%2Fwp%2Fv2%2Fcomments&post=29"}],"version-history":[{"count":5,"href":"https:\/\/robertmorgenthaler.ch\/index.php?rest_route=\/wp\/v2\/pages\/29\/revisions"}],"predecessor-version":[{"id":610,"href":"https:\/\/robertmorgenthaler.ch\/index.php?rest_route=\/wp\/v2\/pages\/29\/revisions\/610"}],"wp:attachment":[{"href":"https:\/\/robertmorgenthaler.ch\/index.php?rest_route=%2Fwp%2Fv2%2Fmedia&parent=29"}],"curies":[{"name":"wp","href":"https:\/\/api.w.org\/{rel}","templated":true}]}}