{"id":25,"date":"2013-11-18T05:59:03","date_gmt":"2013-11-18T05:59:03","guid":{"rendered":"http:\/\/robertmorgenthaler.ch\/?page_id=25"},"modified":"2021-08-13T10:00:56","modified_gmt":"2021-08-13T10:00:56","slug":"roellin-morgenthaler","status":"publish","type":"page","link":"https:\/\/robertmorgenthaler.ch\/?page_id=25","title":{"rendered":"> MORGENTHALER\/R\u00d6LLIN"},"content":{"rendered":"<p><iframe loading=\"lazy\" title=\"Morgenthaler\/R\u00f6llin SPACE IS THE PLACE\" width=\"645\" height=\"363\" src=\"https:\/\/www.youtube.com\/embed\/95wHFHHLk6c?feature=oembed\" frameborder=\"0\" allow=\"accelerometer; autoplay; clipboard-write; encrypted-media; gyroscope; picture-in-picture; web-share\" referrerpolicy=\"strict-origin-when-cross-origin\" allowfullscreen><\/iframe><\/p>\n<p>Robert Morgenthaler Trombone, Effects<br \/>\nUrs R\u00f6llin Guitar, Effects<\/p>\n<p>New CD \u201cOFF ROAD\u201d is out now!!!<\/p>\n<p>Das Duo Morgenthaler\/R\u00f6llin gilt mit seiner eigenwilligen Musik, seinen intelligenten Arrangements und originellen Sounds als eine der aufregendsten und ungew\u00f6hnlichsten Bands des Schweizer Jazz.<br \/>\n2006 spielten der Gitarrist Urs R\u00f6llin und der Posaunist Robert Morgenthaler zum ersten Mal zusammen im Duo. Seither entwickeln die beiden ihre Ideen immer weiter zu einem eigenen, unverwechselbaren Sound. Komposition und Improvisation gehen Hand in Hand. Die Presse feiert Morgenthaler\/R\u00f6llin als \u00abBr\u00fcckenbauer und Neuerer des Duo-Jazz\u00bb. Die \u00abJazzzeit\u00bb schreibt: \u00abTrotz einem un\u00fcberh\u00f6rbaren Avantgarde-Ansatz lassen sich immer wieder einladende Grooves, Songs, Blues-Linien und elektronische Verfremdungen vernehmen, die jedoch g\u00e4nzlich auf dem erweiterten Ausdruckspektrum ihrer Instrumente beruhen.\u00bb<\/p>\n<p><a href=\"http:\/\/robertmorgenthaler.ch\/wp-content\/uploads\/2013\/11\/MG_7844.jpg\"><img loading=\"lazy\" decoding=\"async\" class=\"alignleft size-full wp-image-104\" alt=\"_MG_7844\" src=\"http:\/\/robertmorgenthaler.ch\/wp-content\/uploads\/2013\/11\/MG_7844.jpg\" width=\"1279\" height=\"1279\" srcset=\"https:\/\/robertmorgenthaler.ch\/wp-content\/uploads\/2013\/11\/MG_7844.jpg 1279w, https:\/\/robertmorgenthaler.ch\/wp-content\/uploads\/2013\/11\/MG_7844-150x150.jpg 150w, https:\/\/robertmorgenthaler.ch\/wp-content\/uploads\/2013\/11\/MG_7844-300x300.jpg 300w, https:\/\/robertmorgenthaler.ch\/wp-content\/uploads\/2013\/11\/MG_7844-1024x1024.jpg 1024w, https:\/\/robertmorgenthaler.ch\/wp-content\/uploads\/2013\/11\/MG_7844-695x695.jpg 695w\" sizes=\"auto, (max-width: 1279px) 100vw, 1279px\" \/><\/a><\/p>\n<p>2011 tourt das Duo mit einem neuen Programm und stellt mit \u00abOFF ROAD\u00bb ihr zweites Album vor. Es erscheint am 14. Januar 2011 beim bekannten Label UNIT RECORDS.<br \/>\nDringlichkeit und Aktualit\u00e4t pr\u00e4gen diese Musik. Durch den eigenwilligen Einsatz von Loop-Effekten erweitern Morgenthaler\/R\u00f6llin, beides hervorragende Instrumentalisten, den Duo-Sound, definieren ihn neu und machen die Musik zu einem ebenso intellektuellen wie sinnlichen Abenteuer. Blindes Verst\u00e4ndnis untereinander verleiht der Musik einen sehr pers\u00f6nlichen und vielschichtigen, modernen Ausdruck. \u2013 Wie das klingt? Nach zeitgen\u00f6ssischem Jazz, der sich auch beim Rock, Pop und der Worldmusic bedient. Ruhige Momente, da Morgenthalers Posaune an schwarze Soulstimmen erinnert, wechseln ab mit vertrackten Grooves und leidenschaftlichen Soundgewittern. \u00abOFF ROAD\u00bb ist \u00abgel\u00e4ndeg\u00e4ngig\u00bb: Morgenthaler\/R\u00f6llin bewegen sich abwechselnd auf und neben den vertrauten Strassen und Pfaden der aktuellen Musik. Sie f\u00fchren die H\u00f6rerinnen und H\u00f6rer voll leidenschaftlicher Energie und humorvoll durch verschiedene Musik-Welten um den Globus.<\/p>\n<p>Das CD-Cover \u2013 ein Unikat:<br \/>\nWie beim ersten Album \u00abFREAKWAVE\/SHORTCUTS\u00bb gestaltete wiederum der international renommierte Grafiker Ralph Schraivogel das Cover von \u00abOFF ROAD\u00bb. Er bearbeitete die Deckel der CD-H\u00fcllen, was sie alle einzigartig macht. Die kreisrunde Schleifspur wirkt dreidimensional; je nach Blickwinkel zieht das Gebilde in die Tiefe oder erhebt sich nach oben. Die Idee, die Eleganz und Dynamik seines Werks trifft und unterst\u00fctzt den Gestus der Musik. Auch das ein Statement gegen das digitale \u00abHerabspitzen\u00bb von Musik \u2013 und f\u00fcr eine ganzheitliche Wahrnehmung von<br \/>\nKunst.<\/p>\n<p><a href=\"http:\/\/robertmorgenthaler.ch\/wp-content\/uploads\/2013\/11\/2b288a1366.jpg\"><img loading=\"lazy\" decoding=\"async\" class=\"alignleft size-full wp-image-105\" alt=\"2b288a1366\" src=\"http:\/\/robertmorgenthaler.ch\/wp-content\/uploads\/2013\/11\/2b288a1366.jpg\" width=\"190\" height=\"190\" srcset=\"https:\/\/robertmorgenthaler.ch\/wp-content\/uploads\/2013\/11\/2b288a1366.jpg 200w, https:\/\/robertmorgenthaler.ch\/wp-content\/uploads\/2013\/11\/2b288a1366-150x150.jpg 150w\" sizes=\"auto, (max-width: 190px) 100vw, 190px\" \/><\/a><\/p>\n<p>&nbsp;<\/p>\n<p>&nbsp;<\/p>\n<p>&nbsp;<\/p>\n<p>&nbsp;<\/p>\n<p>&nbsp;<\/p>\n<p>&nbsp;<\/p>\n<p>CD\u2019s hier Bestellen<\/p>\n<p>Zum Preis von SFr. 30.- inkl. Versand<\/p>\n<p>Freak Wave\/Short Cuts<\/p>\n<p>Freak Wave\/Short Cuts, der Titel der ersten CD beschreibt denn auch treffend, was die Musik bewegt. Aus dem scheinbar harmonischen Miteinander entstehen \u00fcberraschende, nicht vorausahnende H\u00f6henfl\u00fcge. Die Musikschnipsel f\u00fcgen sich zu Kurzgeschichten zusammen, Bilder entstehen und f\u00fchren durch aufregende Klanglandschaften, ohne dabei den Zusammenhang zu verlieren. Mut ist gefragt, das Risiko zahlt sich f\u00fcr alle aus. Das Resultat: Eine mitreissend zeitgen\u00f6ssische Musik, die auf offene Ohren und Herzen zielt. Die gelungene graphische Gestaltung des Erstlings stammt vom Z\u00fcrcher Graphiker und Plakatk\u00fcnstler Ralph Schraivogel.<\/p>\n<p><a href=\"http:\/\/robertmorgenthaler.ch\/wp-content\/uploads\/2013\/11\/d4cd73b728.jpg\"><img loading=\"lazy\" decoding=\"async\" class=\"alignleft size-full wp-image-106\" alt=\"d4cd73b728\" src=\"http:\/\/robertmorgenthaler.ch\/wp-content\/uploads\/2013\/11\/d4cd73b728.jpg\" width=\"161\" height=\"163\"><\/a><\/p>\n<p>&nbsp;<\/p>\n<p>&nbsp;<\/p>\n<p>&nbsp;<\/p>\n<p>&nbsp;<\/p>\n<p>&nbsp;<\/p>\n<p>Produced by Robert Morgenthaler\/Urs R\u00f6llin<br \/>\nExecutive Producer: Peter B\u00fcrli<br \/>\nRecordet by Martin Pearson at Radiostudio Z\u00fcrich<br \/>\nMixed and mastered by Martin Pearson<br \/>\nCover Art by Ralph Schraivogel<br \/>\nLabel: UNIT RECORDS UTR 4214 www.unitrecords.com<br \/>\nFinancial Suport: Stadt Z\u00fcrich \/ Kultur \/ Popkredit, Kanton Schaffhausen<\/p>\n<p>Booking und Infos:<br \/>\nUrs R\u00f6llin, Postfach 1215, CH-8201 Schaffhausen<br \/>\nT\/F +41 533 26 72, Mobile: +41 76 412 98 12<br \/>\nE-Mail\/Internet: urs.roellin@swissworld.com \/ www.ursroellin.ch<\/p>\n<p>&nbsp;<\/p>\n","protected":false},"excerpt":{"rendered":"<p>Robert Morgenthaler Trombone, Effects Urs R\u00f6llin Guitar, Effects New CD \u201cOFF ROAD\u201d is out now!!! Das Duo Morgenthaler\/R\u00f6llin gilt mit seiner eigenwilligen Musik, seinen intelligenten Arrangements und originellen Sounds als eine der aufregendsten und ungew\u00f6hnlichsten Bands des Schweizer Jazz. 2006 spielten der Gitarrist Urs R\u00f6llin und der Posaunist Robert Morgenthaler zum ersten Mal zusammen im [&hellip;]<\/p>\n","protected":false},"author":1,"featured_media":0,"parent":0,"menu_order":0,"comment_status":"closed","ping_status":"closed","template":"","meta":{"footnotes":""},"class_list":["post-25","page","type-page","status-publish","hentry"],"_links":{"self":[{"href":"https:\/\/robertmorgenthaler.ch\/index.php?rest_route=\/wp\/v2\/pages\/25","targetHints":{"allow":["GET"]}}],"collection":[{"href":"https:\/\/robertmorgenthaler.ch\/index.php?rest_route=\/wp\/v2\/pages"}],"about":[{"href":"https:\/\/robertmorgenthaler.ch\/index.php?rest_route=\/wp\/v2\/types\/page"}],"author":[{"embeddable":true,"href":"https:\/\/robertmorgenthaler.ch\/index.php?rest_route=\/wp\/v2\/users\/1"}],"replies":[{"embeddable":true,"href":"https:\/\/robertmorgenthaler.ch\/index.php?rest_route=%2Fwp%2Fv2%2Fcomments&post=25"}],"version-history":[{"count":5,"href":"https:\/\/robertmorgenthaler.ch\/index.php?rest_route=\/wp\/v2\/pages\/25\/revisions"}],"predecessor-version":[{"id":608,"href":"https:\/\/robertmorgenthaler.ch\/index.php?rest_route=\/wp\/v2\/pages\/25\/revisions\/608"}],"wp:attachment":[{"href":"https:\/\/robertmorgenthaler.ch\/index.php?rest_route=%2Fwp%2Fv2%2Fmedia&parent=25"}],"curies":[{"name":"wp","href":"https:\/\/api.w.org\/{rel}","templated":true}]}}