{"id":23,"date":"2013-11-18T05:57:19","date_gmt":"2013-11-18T05:57:19","guid":{"rendered":"http:\/\/robertmorgenthaler.ch\/?page_id=23"},"modified":"2014-01-29T21:17:51","modified_gmt":"2014-01-29T21:17:51","slug":"bone-art","status":"publish","type":"page","link":"https:\/\/robertmorgenthaler.ch\/?page_id=23","title":{"rendered":"> BONE ART"},"content":{"rendered":"<p><a href=\"http:\/\/robertmorgenthaler.ch\/wp-content\/uploads\/2013\/11\/DSC_0533.jpg\"><img loading=\"lazy\" decoding=\"async\" class=\" wp-image-108 \" alt=\"Robert Morgenthaler\" src=\"http:\/\/robertmorgenthaler.ch\/wp-content\/uploads\/2013\/11\/DSC_0533.jpg\" width=\"646\" height=\"434\" srcset=\"https:\/\/robertmorgenthaler.ch\/wp-content\/uploads\/2013\/11\/DSC_0533.jpg 442w, https:\/\/robertmorgenthaler.ch\/wp-content\/uploads\/2013\/11\/DSC_0533-300x202.jpg 300w\" sizes=\"auto, (max-width: 646px) 100vw, 646px\" \/><\/a><\/p>\n<p>&nbsp;<\/p>\n<p>Deutsch<\/p>\n<p>Wenn Morgenthaler Posaune spielt, entsteht sozusagen der Rohling einer Improvisation, Art Brut.Morgenthaler treibt sein Instrument schon mal an die musikalischen und physischen Grenzen, l\u00e4sst Melodie und Sound in selten geh\u00f6rter Intensit\u00e4t und Souver\u00e4nit\u00e4t miteinander kommunizieren.Manchmal werden die Kl\u00e4nge der Posaune durch elektronische Effekte dermassen verfremdet, dass der Ursprung nur schwer auszumachen ist. Mal taucht ein formal traditionell gedachtes Lied auf oder es wird ganz improvisiert. Es fasziniert die Leichtigkeit, mit welcher er den Prozess des \u201d im Moment komponieren\u201d h\u00f6rbar macht. Durch den eigenwilligen Einsatz von Loops und analogen Effekten erweitert Morgenthaler die M\u00f6glichkeiten seines Instruments, definiert es neu und macht die Musik zu einem intellektuellen wie sinnlichen Abenteuer.\u00a0Morgenthaler verleiht der Musik einen sehr pers\u00f6nlichen und vielschichtigen, modernen Ausdruck. \u2013 Wie das klingt? Nach zeitgen\u00f6ssischem Jazz, der sich auch beim Rock,\u00a0 Pop und der Worldmusic bedient. Ruhige Momente, wo Morgenthaler\u2019s Posaune an die schwarzen Soulstimmen erinnert, wechseln mit vertrackten Grooves und trashigen Sounds ab. Das \u00dcberraschungsmoment ist hoch. Immer wieder blitzen lausb\u00fcbische Ideen, Ironien und viel Spa\u00df bei seinen Kompositionen und Improvisationen durch, die unauff\u00e4llig mit viel Technik r\u00fcberkommen.<\/p>\n<p><a href=\"http:\/\/robertmorgenthaler.ch\/wp-content\/uploads\/2013\/11\/Robert-Morgenthaler_21.jpg\"><img loading=\"lazy\" decoding=\"async\" class=\" wp-image-100 \" alt=\"Robert Morgenthaler\" src=\"http:\/\/robertmorgenthaler.ch\/wp-content\/uploads\/2013\/11\/Robert-Morgenthaler_21.jpg\" width=\"633\" height=\"436\" srcset=\"https:\/\/robertmorgenthaler.ch\/wp-content\/uploads\/2013\/11\/Robert-Morgenthaler_21.jpg 1279w, https:\/\/robertmorgenthaler.ch\/wp-content\/uploads\/2013\/11\/Robert-Morgenthaler_21-300x206.jpg 300w, https:\/\/robertmorgenthaler.ch\/wp-content\/uploads\/2013\/11\/Robert-Morgenthaler_21-1024x706.jpg 1024w, https:\/\/robertmorgenthaler.ch\/wp-content\/uploads\/2013\/11\/Robert-Morgenthaler_21-695x479.jpg 695w\" sizes=\"auto, (max-width: 633px) 100vw, 633px\" \/><\/a><\/p>\n<p>english<\/p>\n<p>When Morgenthaler plays his trombone he creates a blueprint of improvisation: a raw and primitive uniqueness operating beyond traditional musical boundaries! It is this Art Brut approach that characterises his music enabling its distinctiveness to transcend all musical barriers. Morgenthaler often pushes his instrument to its musical and physical limits, allowing melody and sound to communicate in rarely heard combinations of intensity and confidence. At times the sound of the trombone is alienated through electronic effects to such an extent the origin of the music cannot easily be identified. It is this \u201emusical space\u201c where originality\u00a0 and traditional songs are melded into one pure improvisation. The audience is often fascinated by the lightness with which he makes audible the process of \u201ecomposing in the moment\u201c. By applying his unique use of loops and analogue effects he broadens his instrumental possibilities thereby turning it into an intellectual and sensory adventure. Morgenthaler\u2019s music is extraordinarily personalised and multilayered.\u00a0 It is a highly modern expression of individuality. How does it sound? It is a complex fusion of contemporary jazz working with elements of rock, pop and world music. At times it is marked by silent pauses.\u00a0 At others, Morgenthaler\u2019s trombone is reminiscent of black soul voices alternating between edgy complex grooves and trashy sounds. His compositions are influenced by rouguish ideas, ironies and a lot of spontaneous fun. The element of surprise in his music is high.\u00a0 And while the musical oscillations constantly surprise the audience, they are not simply ad hoc.\u00a0 Rather this understated quality is backed by a high level of technical knowledge and proficiency. A true act of modern musical genius !<\/p>\n<p><a href=\"http:\/\/robertmorgenthaler.ch\/wp-content\/uploads\/2013\/11\/milorel_AngelQuartet_BQRmilorel_AngelQuartet_BQR_03842.jpg\"><img loading=\"lazy\" decoding=\"async\" class=\"alignleft size-full wp-image-90\" alt=\"(C) milorel.com\" src=\"http:\/\/robertmorgenthaler.ch\/wp-content\/uploads\/2013\/11\/milorel_AngelQuartet_BQRmilorel_AngelQuartet_BQR_03842.jpg\" width=\"459\" height=\"689\" srcset=\"https:\/\/robertmorgenthaler.ch\/wp-content\/uploads\/2013\/11\/milorel_AngelQuartet_BQRmilorel_AngelQuartet_BQR_03842.jpg 491w, https:\/\/robertmorgenthaler.ch\/wp-content\/uploads\/2013\/11\/milorel_AngelQuartet_BQRmilorel_AngelQuartet_BQR_03842-200x300.jpg 200w\" sizes=\"auto, (max-width: 459px) 100vw, 459px\" \/><\/a><\/p>\n<p>&nbsp;<\/p>\n<p>&nbsp;<\/p>\n<p>&nbsp;<\/p>\n<p>&nbsp;<\/p>\n<p>&nbsp;<\/p>\n<p>&nbsp;<\/p>\n<p>&nbsp;<\/p>\n<p>&nbsp;<\/p>\n<p>fran\u00e7ais<\/p>\n<p>Quand Robert Morgenthaler joue du trombone, apparait pour ainsi dire l\u2019\u00e9bauche d\u2019une improvisation, de l\u2019art brut. Il m\u00e8ne son instrument jusqu\u2019\u00e0 ses limites physiques et musicales, laisse communiquer entre eux sons et m\u00e9lodies d\u2019une rare intensit\u00e9 et souverainet\u00e9. Parfois le son est modifi\u00e9 par des effets \u00e9lectronique, si bien que l\u2019on peine \u00e0 entendre l\u2019original. Apparaissent \u00e0 l\u2019occasion des m\u00e9lodies tr\u00e8s traditionnelles dans leurs conceptions, ou alors compl\u00e8tements improvis\u00e9es. Il impressionne par sa facilit\u00e9 \u00e0 rendre audible le concept de composition instantan\u00e9e. Grace \u00e0 l\u2019utilisation de loops et d\u2019effets analogues, Morgenthaler \u00e9largit le champ des possibilit\u00e9s de son instrument, les red\u00e9finit et fait de la musique une aventure intellectuelle et sensuelle. Il conf\u00e8re \u00e0 la musique une expression moderne, tr\u00e8s personnelle et h\u00e9t\u00e9rog\u00e8ne. \u2013 Comment est ce que cela sonne-t-il? Comme du jazz contemporain, s\u2019inspirant du rock, de la pop et de la worldmusic. Les moments paisible, ou le trombone nous rappelle les voix des chanteuses soul afro-am\u00e9ricaines, alternent avec les grooves complexes et les sons trash.<\/p>\n<p>Surprise et \u00e9tonnement sont au rendez-vous. A tout moment flamboyent les id\u00e9es espi\u00e8gles, l\u2019ironie et \u00e9norm\u00e9ment de plaisir dans ses compositions et improvisations, qu\u2019il nous pr\u00e9sente avec toute sa maitrise de l\u2019instrument.<\/p>\n<p>&nbsp;<\/p>\n","protected":false},"excerpt":{"rendered":"<p>&nbsp; Deutsch Wenn Morgenthaler Posaune spielt, entsteht sozusagen der Rohling einer Improvisation, Art Brut.Morgenthaler treibt sein Instrument schon mal an die musikalischen und physischen Grenzen, l\u00e4sst Melodie und Sound in selten geh\u00f6rter Intensit\u00e4t und Souver\u00e4nit\u00e4t miteinander kommunizieren.Manchmal werden die Kl\u00e4nge der Posaune durch elektronische Effekte dermassen verfremdet, dass der Ursprung nur schwer auszumachen ist. Mal [&hellip;]<\/p>\n","protected":false},"author":1,"featured_media":0,"parent":0,"menu_order":0,"comment_status":"closed","ping_status":"closed","template":"","meta":{"footnotes":""},"class_list":["post-23","page","type-page","status-publish","hentry"],"_links":{"self":[{"href":"https:\/\/robertmorgenthaler.ch\/index.php?rest_route=\/wp\/v2\/pages\/23","targetHints":{"allow":["GET"]}}],"collection":[{"href":"https:\/\/robertmorgenthaler.ch\/index.php?rest_route=\/wp\/v2\/pages"}],"about":[{"href":"https:\/\/robertmorgenthaler.ch\/index.php?rest_route=\/wp\/v2\/types\/page"}],"author":[{"embeddable":true,"href":"https:\/\/robertmorgenthaler.ch\/index.php?rest_route=\/wp\/v2\/users\/1"}],"replies":[{"embeddable":true,"href":"https:\/\/robertmorgenthaler.ch\/index.php?rest_route=%2Fwp%2Fv2%2Fcomments&post=23"}],"version-history":[{"count":8,"href":"https:\/\/robertmorgenthaler.ch\/index.php?rest_route=\/wp\/v2\/pages\/23\/revisions"}],"predecessor-version":[{"id":259,"href":"https:\/\/robertmorgenthaler.ch\/index.php?rest_route=\/wp\/v2\/pages\/23\/revisions\/259"}],"wp:attachment":[{"href":"https:\/\/robertmorgenthaler.ch\/index.php?rest_route=%2Fwp%2Fv2%2Fmedia&parent=23"}],"curies":[{"name":"wp","href":"https:\/\/api.w.org\/{rel}","templated":true}]}}