{"id":18,"date":"2013-11-18T05:54:27","date_gmt":"2013-11-18T05:54:27","guid":{"rendered":"http:\/\/robertmorgenthaler.ch\/?page_id=18"},"modified":"2014-06-09T20:20:27","modified_gmt":"2014-06-09T20:20:27","slug":"contact","status":"publish","type":"page","link":"https:\/\/robertmorgenthaler.ch\/?page_id=18","title":{"rendered":"> LINKS"},"content":{"rendered":"<p>Morgenthaler on:<\/p>\n<p><a href=\"https:\/\/myspace.com\/robertmorgenthaler\" target=\"_blank\">myspace<\/a><\/p>\n<p><a href=\"http:\/\/www.cdbaby.com\/Search\/ZXJpa2Egc3R1Y2t5\/0\" target=\"_blank\">cdbaby<\/a><\/p>\n<p><a href=\"http:\/\/www.facebook.com\/robert.morgenthaler1\" target=\"_blank\">facebook<\/a><\/p>\n<p>MorgenthalerR\u00f6llin on:<\/p>\n<p><a href=\"http:\/\/www.facebook.com\/pages\/MorgenthalerR\u00f6llin\/184060644975043\" target=\"_blank\">facebook<\/a><\/p>\n<p><a href=\"http:\/\/www.hkb.bfh.ch\/de\/studium\/master\/mamusicped\/\" target=\"_blank\">HOCHSCHULE DER K\u00dcNSTE BERN<\/a><\/p>\n<p><a href=\"http:\/\/www.ursroellin.ch\/index.php?id=11\" target=\"_blank\">URS R\u00d6LLIN<\/a><\/p>\n<p><a href=\"http:\/\/www.jazzfestival.ch\/\" target=\"_blank\">JAZZFESTIVAL SCHAFFHAUSEN<\/a><\/p>\n<p><a href=\"http:\/\/scoop-production.ch\/planundmass_02.html\" target=\"_blank\">URS S\u00c4GESSER<\/a><\/p>\n<p><a href=\"http:\/\/www.rainerweber.ch\" target=\"_blank\">RAINER WEBER, Audiodesigner<\/a><\/p>\n<p>&nbsp;<\/p>\n<p>&nbsp;<\/p>\n<p>&nbsp;<\/p>\n","protected":false},"excerpt":{"rendered":"<p>Morgenthaler on: myspace cdbaby facebook MorgenthalerR\u00f6llin on: facebook HOCHSCHULE DER K\u00dcNSTE BERN URS R\u00d6LLIN JAZZFESTIVAL SCHAFFHAUSEN URS S\u00c4GESSER RAINER WEBER, Audiodesigner &nbsp; &nbsp; &nbsp;<\/p>\n","protected":false},"author":1,"featured_media":0,"parent":0,"menu_order":0,"comment_status":"closed","ping_status":"closed","template":"","meta":{"footnotes":""},"class_list":["post-18","page","type-page","status-publish","hentry"],"_links":{"self":[{"href":"https:\/\/robertmorgenthaler.ch\/index.php?rest_route=\/wp\/v2\/pages\/18","targetHints":{"allow":["GET"]}}],"collection":[{"href":"https:\/\/robertmorgenthaler.ch\/index.php?rest_route=\/wp\/v2\/pages"}],"about":[{"href":"https:\/\/robertmorgenthaler.ch\/index.php?rest_route=\/wp\/v2\/types\/page"}],"author":[{"embeddable":true,"href":"https:\/\/robertmorgenthaler.ch\/index.php?rest_route=\/wp\/v2\/users\/1"}],"replies":[{"embeddable":true,"href":"https:\/\/robertmorgenthaler.ch\/index.php?rest_route=%2Fwp%2Fv2%2Fcomments&post=18"}],"version-history":[{"count":19,"href":"https:\/\/robertmorgenthaler.ch\/index.php?rest_route=\/wp\/v2\/pages\/18\/revisions"}],"predecessor-version":[{"id":360,"href":"https:\/\/robertmorgenthaler.ch\/index.php?rest_route=\/wp\/v2\/pages\/18\/revisions\/360"}],"wp:attachment":[{"href":"https:\/\/robertmorgenthaler.ch\/index.php?rest_route=%2Fwp%2Fv2%2Fmedia&parent=18"}],"curies":[{"name":"wp","href":"https:\/\/api.w.org\/{rel}","templated":true}]}}