{"id":149,"date":"2013-11-24T13:36:30","date_gmt":"2013-11-24T13:36:30","guid":{"rendered":"http:\/\/robertmorgenthaler.ch\/?page_id=149"},"modified":"2014-06-09T19:52:43","modified_gmt":"2014-06-09T19:52:43","slug":"past","status":"publish","type":"page","link":"https:\/\/robertmorgenthaler.ch\/?page_id=149","title":{"rendered":"> PAST"},"content":{"rendered":"<p><a href=\"http:\/\/robertmorgenthaler.ch\/wp-content\/uploads\/2013\/11\/DSC_0380.jpg\"><img loading=\"lazy\" decoding=\"async\" class=\"alignleft size-full wp-image-150\" alt=\"DSC_0380\" src=\"http:\/\/robertmorgenthaler.ch\/wp-content\/uploads\/2013\/11\/DSC_0380.jpg\" width=\"1119\" height=\"744\" srcset=\"https:\/\/robertmorgenthaler.ch\/wp-content\/uploads\/2013\/11\/DSC_0380.jpg 1279w, https:\/\/robertmorgenthaler.ch\/wp-content\/uploads\/2013\/11\/DSC_0380-300x199.jpg 300w, https:\/\/robertmorgenthaler.ch\/wp-content\/uploads\/2013\/11\/DSC_0380-1024x681.jpg 1024w, https:\/\/robertmorgenthaler.ch\/wp-content\/uploads\/2013\/11\/DSC_0380-695x462.jpg 695w\" sizes=\"auto, (max-width: 1119px) 100vw, 1119px\" \/><\/a><\/p>\n<p>&nbsp;<\/p>\n<p>&nbsp;<\/p>\n<p>07.06.2014 STUCKY&amp;ROOTS Pfingstkl\u00e4nge Johanneskirche Luzern<\/p>\n<p>01.06.2014 Matinee Reformierte Kirche M\u00e4nnedorf mit Z\u00dcRIHORN<\/p>\n<p>29.&amp;30.05.2014 Live-Aufnahmen im Plattenberg\/Glarus mit Z\u00dcRIHORN<\/p>\n<p>22.03.2014 Jazzclub Allmend Oberengstringen Morgenthaler\/R\u00f6llin<\/p>\n<p>4.-9. 3. 2014 LES TROIS JOURS DE CASTELIERS, MONTREAL,CANADA<\/p>\n<p>08.02.2014 h\u00f4tel de rive \u2014 Giacomettis horizontale Zeit at Puppet Animation Scotland&#8217;s manipulate visual theatre festival &#8211; Norwich<br \/>\n07.02.2014 h\u00f4tel de rive \u2014 Giacomettis horizontale Zeit at Puppet Animation Scotland&#8217;s manipulate visual theatre festival &#8211; Edinburgh<br \/>\n06.02.2014 h\u00f4tel de rive \u2014 Giacomettis horizontale Zeit at Puppet Animation Scotland&#8217;s manipulate visual theatre festival &#8211; Edinburgh<br \/>\n25.01.2014 FIGURENTHEATER ST.GALLEN, h\u00f4tel de rive \u2014 Giacomettis horizontale Zeit<br \/>\n24.01.2014 THEATER STADELHOFEN, Z\u00dcRICH, h\u00f4tel de rive \u2014 Giacomettis horizontale Zeit<br \/>\n23.01.2014 THEATER STADELHOFEN, Z\u00dcRICH, h\u00f4tel de rive \u2014 Giacomettis horizontale Zeit<\/p>\n<p>8.12.2013 11.00 Uhr MOODS\/Z\u00dcRICH Morgenthaler Solo<br \/>\n7.12.2013\u00a0 20.30 Uhr\u00a0 ZUM HUT\/ USTER, Morgenthaler\/R\u00f6llin<\/p>\n<p>29.11.2013 THEATER STADELHOFEN, Z\u00dcRICH,\u00a0h\u00f4tel de rive \u2014 Giacomettis horizontale Zeit<br \/>\n28.11.2013 THEATER STADELHOFEN, Z\u00dcRICH,\u00a0h\u00f4tel de rive \u2014 Giacomettis horizontale Zeit<br \/>\n10.11.2013 Silkeborg, Festival of Wonder (H\u00f4tel de Rive, Giacometti,Musiktheater)<br \/>\n09.11.2013 Silkeborg, Festival of Wonder (H\u00f4tel de Rive, Giacometti,Musiktheater)<br \/>\n05.11.2013 Theatre de la Marionette Paris\/F (H\u00f4tel de Rive, Giacometti,Musiktheater)<br \/>\n04.11.2013 Theatre de la Marionette Paris\/F (H\u00f4tel de Rive, Giacometti,Musiktheater)<br \/>\n02.11.2013 Frau Gerolds Garten Morgenthaler\/Pedretti<\/p>\n<p>13.10.2013 Berlin Podewil Theater Morgenhaler\/Pedretti<br \/>\n05.10.2013 Leipziger Jazztage Morgenthaler\/R\u00f6llin<\/p>\n<p>07.9.2013 12. Z\u00fcrcher Orgelnacht St. Jakob (Z\u00dcRIHORN)<\/p>\n<p>16.8.2013 Therme Vals (Z\u00dcRIHORN)<br \/>\n14.8.2013 Therme Vals (Z\u00dcRIHORN)<\/p>\n<p>13.7.2013 Bayrisches Jazz Weekend Regensburg\/D (Morgenthaler\/R\u00f6llin)<\/p>\n<p>24.6.2012 Power Play Studio Ensemble 5<br \/>\n16\/6\/2013 Airegin Yokohama\/Japan Ensemble5<br \/>\n15\/6\/2013 Airegin Yokohama\/Japan Ensemble5<br \/>\n14\/6\/2013 Shinjuku Pit Inn Tokio\/Japan Ensemble5<br \/>\n13\/6\/2013 Candy Chiba\/Tokio\/Japan Ensemble5<br \/>\n12\/6\/2013 Candy Chiba\/Tokio\/Japan Ensemble5<br \/>\n10\/6\/2013 Knuttel House Iria Tokio\/Japan Ensemble5<br \/>\n09\/6\/2013 Knuttel House Iria\/Tokio\/Japan Ensemble5<br \/>\n08\/6\/2013 Airegin Yokohama\/Japan Ensemble5<\/p>\n<p>13\/5\/2013 Kukla Festival T-Istanbul (H\u00f4tel de Rive, Giacometti,Musiktheater)<br \/>\n12\/5\/2013 Kukla Festival T-Istanbul (H\u00f4tel de Rive, Giacometti,Musiktheater)<br \/>\n11\/5\/2013 Kukla Festival T-Istanbul (H\u00f4tel de Rive, Giacometti,Musiktheater)<\/p>\n<p>28\/4\/2013 Hotel Hirschen D-Hittisau (Morgenthaler\/R\u00f6llin)<br \/>\n19\/4\/2013 Braui Hochdorf (Z\u00fcrihorn)<br \/>\n05\/4\/2013 Theater im Schtei Sempach (Z\u00fcrihorn)<\/p>\n<p>24\/3\/2013 franz K D-Reutlingen (H\u00f4tel de Rive, Giacometti,Musiktheater)<br \/>\n22\/3\/2013 Theater Stadelhofen (H\u00f4tel de Rive, Giacometti,Musiktheater)<br \/>\n21\/3\/2013 Theater Stadelhofen (H\u00f4tel de Rive, Giacometti,Musiktheater)<br \/>\n16\/3\/2013 Theater am Hagen D-Straubing (H\u00f4tel de Rive, Giacometti,Musiktheater)<br \/>\n15\/3\/2013 Mullbau Luzern (Morgenthaler\/R\u00f6llin)<br \/>\n08\/3\/2013 Loft D-K\u00f6ln (Morgenthaler\/R\u00f6llin)<br \/>\n02\/3\/2013 Improvisorium Huttwil (Morgenthaler\/R\u00f6llin)<\/p>\n<p>27\/2\/2013 Sc\u00e8ne nationale F-Evry (H\u00f4tel de Rive, Giacometti,Musiktheater)<br \/>\n26\/2\/2013 Sc\u00e8ne nationale F-Evry (H\u00f4tel de Rive, Giacometti,Musiktheater)<br \/>\n22\/2\/2013 MuZClub D- N\u00fcrnberg (Morgenthaler\/Michael Stauffer)<br \/>\n16\/2\/2013 Bern-Sonarraum 64 (Morgenthaler\/R\u00f6llin)<br \/>\n15\/2\/2013 Kunstraum Engl\u00e4nderbau L-Vaduz (Morgenthaler\/R\u00f6llin)<br \/>\n13\/2\/2013 Hahaha Club D-Leipzig (Morgenthaler\/R\u00f6llin)<\/p>\n","protected":false},"excerpt":{"rendered":"<p>&nbsp; &nbsp; 07.06.2014 STUCKY&amp;ROOTS Pfingstkl\u00e4nge Johanneskirche Luzern 01.06.2014 Matinee Reformierte Kirche M\u00e4nnedorf mit Z\u00dcRIHORN 29.&amp;30.05.2014 Live-Aufnahmen im Plattenberg\/Glarus mit Z\u00dcRIHORN 22.03.2014 Jazzclub Allmend Oberengstringen Morgenthaler\/R\u00f6llin 4.-9. 3. 2014 LES TROIS JOURS DE CASTELIERS, MONTREAL,CANADA 08.02.2014 h\u00f4tel de rive \u2014 Giacomettis horizontale Zeit at Puppet Animation Scotland&#8217;s manipulate visual theatre festival &#8211; Norwich 07.02.2014 h\u00f4tel de [&hellip;]<\/p>\n","protected":false},"author":1,"featured_media":0,"parent":0,"menu_order":0,"comment_status":"closed","ping_status":"closed","template":"","meta":{"footnotes":""},"class_list":["post-149","page","type-page","status-publish","hentry"],"_links":{"self":[{"href":"https:\/\/robertmorgenthaler.ch\/index.php?rest_route=\/wp\/v2\/pages\/149","targetHints":{"allow":["GET"]}}],"collection":[{"href":"https:\/\/robertmorgenthaler.ch\/index.php?rest_route=\/wp\/v2\/pages"}],"about":[{"href":"https:\/\/robertmorgenthaler.ch\/index.php?rest_route=\/wp\/v2\/types\/page"}],"author":[{"embeddable":true,"href":"https:\/\/robertmorgenthaler.ch\/index.php?rest_route=\/wp\/v2\/users\/1"}],"replies":[{"embeddable":true,"href":"https:\/\/robertmorgenthaler.ch\/index.php?rest_route=%2Fwp%2Fv2%2Fcomments&post=149"}],"version-history":[{"count":9,"href":"https:\/\/robertmorgenthaler.ch\/index.php?rest_route=\/wp\/v2\/pages\/149\/revisions"}],"predecessor-version":[{"id":348,"href":"https:\/\/robertmorgenthaler.ch\/index.php?rest_route=\/wp\/v2\/pages\/149\/revisions\/348"}],"wp:attachment":[{"href":"https:\/\/robertmorgenthaler.ch\/index.php?rest_route=%2Fwp%2Fv2%2Fmedia&parent=149"}],"curies":[{"name":"wp","href":"https:\/\/api.w.org\/{rel}","templated":true}]}}