{"id":142,"date":"2013-11-24T12:53:50","date_gmt":"2013-11-24T12:53:50","guid":{"rendered":"http:\/\/robertmorgenthaler.ch\/?page_id=142"},"modified":"2014-09-04T19:41:57","modified_gmt":"2014-09-04T19:41:57","slug":"ensemble-5-2","status":"publish","type":"page","link":"https:\/\/robertmorgenthaler.ch\/?page_id=142","title":{"rendered":"> ENSEMBLE 5"},"content":{"rendered":"<p><a href=\"http:\/\/robertmorgenthaler.ch\/wp-content\/uploads\/2013\/11\/DSC01507.jpg\"><img loading=\"lazy\" decoding=\"async\" class=\"wp-image-80 alignleft\" alt=\"DSC01507\" src=\"http:\/\/robertmorgenthaler.ch\/wp-content\/uploads\/2013\/11\/DSC01507.jpg\" width=\"632\" height=\"339\" srcset=\"https:\/\/robertmorgenthaler.ch\/wp-content\/uploads\/2013\/11\/DSC01507.jpg 3182w, https:\/\/robertmorgenthaler.ch\/wp-content\/uploads\/2013\/11\/DSC01507-300x161.jpg 300w, https:\/\/robertmorgenthaler.ch\/wp-content\/uploads\/2013\/11\/DSC01507-1024x549.jpg 1024w, https:\/\/robertmorgenthaler.ch\/wp-content\/uploads\/2013\/11\/DSC01507-695x373.jpg 695w\" sizes=\"auto, (max-width: 632px) 100vw, 632px\" \/><\/a><\/p>\n<p>&nbsp;<\/p>\n<p>Heinz Geisser \u2013 percussion<\/p>\n<p>Fridolin Blumer \u2013 bass<\/p>\n<p>Reto Staub \u2013 piano<\/p>\n<p>Robert Morgenthaler \u2013 trombone<\/p>\n<p>&nbsp;<\/p>\n<p>&nbsp;<\/p>\n<p>&nbsp;<\/p>\n<p>&nbsp;<\/p>\n<p>Das Ensemble 5 sch\u00f6pft aus einem grossen Pool von musikalischen Ausdrucksm\u00f6glichkeiten. Die verschiedenen Hintergr\u00fcnde der Bandmitglieder, ihr grosses Vokabular und ihre F\u00e4higkeit zuzuh\u00f6ren und aufeinander zu reagieren bilden das Grundger\u00fcst f\u00fcr die oft komplexe Klang-Architektur, jenseits des Mainstreams.<\/p>\n<p>Die Gruppe ist seit 2010 durch eine Reihe von Jamsessions zusammengewachsen. 2012 erscheint die erste Aufnahme \u201cSolstice\u201d bei dem renommierten englischen Label Leo Records.<\/p>\n<p>&nbsp;<\/p>\n<div id=\"attachment_65\" style=\"width: 151px\" class=\"wp-caption alignnone\"><a href=\"http:\/\/robertmorgenthaler.ch\/wp-content\/uploads\/2013\/11\/b.aspx_.jpeg\"><img loading=\"lazy\" decoding=\"async\" aria-describedby=\"caption-attachment-65\" class=\"size-full wp-image-65 \" alt=\"b.aspx\" src=\"http:\/\/robertmorgenthaler.ch\/wp-content\/uploads\/2013\/11\/b.aspx_.jpeg\" width=\"141\" height=\"139\" \/><\/a><p id=\"caption-attachment-65\" class=\"wp-caption-text\">2012<br \/>SOLSTICE<br \/>Ensemble 5<br \/>featuringVincent Daoud<br \/>Leo Records LR 649<\/p><\/div>\n<div id=\"attachment_385\" style=\"width: 149px\" class=\"wp-caption alignleft\"><a href=\"http:\/\/robertmorgenthaler.ch\/wp-content\/uploads\/2013\/11\/b-1.aspx_.jpeg\"><img loading=\"lazy\" decoding=\"async\" aria-describedby=\"caption-attachment-385\" class=\"size-full wp-image-385 \" alt=\"b-1.aspx\" src=\"http:\/\/robertmorgenthaler.ch\/wp-content\/uploads\/2013\/11\/b-1.aspx_.jpeg\" width=\"139\" height=\"139\" \/><\/a><p id=\"caption-attachment-385\" class=\"wp-caption-text\">2014<br \/>The Summary of 4<br \/>Ensemble 5<br \/>Leo Records LR 694<\/p><\/div>\n<p>&nbsp;<\/p>\n<p>&nbsp;<\/p>\n<p>&nbsp;<\/p>\n<p>&nbsp;<\/p>\n<p>&nbsp;<\/p>\n<p>&nbsp;<\/p>\n<p>&nbsp;<\/p>\n<p>&nbsp;<\/p>\n<div id=\"attachment_383\" style=\"width: 148px\" class=\"wp-caption alignleft\"><a href=\"http:\/\/robertmorgenthaler.ch\/wp-content\/uploads\/2013\/11\/b.aspx_2.jpeg\"><img loading=\"lazy\" decoding=\"async\" aria-describedby=\"caption-attachment-383\" class=\"size-full wp-image-383 \" alt=\"b.aspx\" src=\"http:\/\/robertmorgenthaler.ch\/wp-content\/uploads\/2013\/11\/b.aspx_2.jpeg\" width=\"138\" height=\"138\" \/><\/a><p id=\"caption-attachment-383\" class=\"wp-caption-text\">2014<br \/>The Summary of 4 Vol.2<br \/>Ensemble 5<br \/>Leo Records LR 710<\/p><\/div>\n<p>&nbsp;<\/p>\n<p>&nbsp;<\/p>\n<p>&nbsp;<\/p>\n<p>&nbsp;<\/p>\n<p>&nbsp;<\/p>\n<p>&nbsp;<\/p>\n<p>&nbsp;<\/p>\n<p>&nbsp;<\/p>\n<p>Pressezitate:<br \/>\n\u201e&#8230;on ne peut plus douter un seul instant du riche futur de l\u2019Ensemble 5.\u201c<br \/>\n<em>Luc Bouquet, le son du grisli<\/em><br \/>\n\u201eF\u00fcr mich klingt das zeitgem\u00e4\u00dfer als Vieles, was sich so nennt.\u201c<br \/>\n<em>Rigobert Dittmann, Bad Alchemy<\/em><br \/>\n\u201eA tightly-knit group playing dynamic, talktative improvisations with lots of control, as testified by the one-two punch two-and-a-half-minute opener \u00a8In short\u00a8.Quite convinving.\u201c<br \/>\n<em>Fran\u00e7ois Couture<\/em><br \/>\n\u201eI brani convincono, la musica prosegue per onde di forte e piano, di free e astrattismi e il coinvolgimento di ascoltatori e musicisti \u00e8 totale.\u201c<br \/>\n<em>Vittorio LoConte, Music Zoom<\/em><br \/>\n\u201eEin Abenteuer f\u00fcr Unverzagte.\u201c<br \/>\n<em>Manfred Papst, NZZ am Sonntag<\/em><br \/>\n\u201e&#8230;the five players from different worlds of music bring their abilities to create an astounding unity. I admire the expressions of this tight knit group.\u201c<br \/>\n<em>Yuki Omura, Jazz Japan<\/em><br \/>\n\u201eR\u00e9unis en parfaite connivence, ils s\u2019appellent, se r\u00e9pondent, r\u00e9pliquent, entrem\u00ealent leurs voix, bref se r\u00e9galent et improvisent \u00e0 qui mieux mieux dans une s\u00e9rie de pi\u00e8ces de free jazz dynamique et stimulant.\u201c<br \/>\n<em>Jean Buzelin, Culture Jazz<\/em><br \/>\n\u201e&#8230;an entirely free improv collective that holds together cohesively, blending well the art of noise with a gentler vocabulary.\u201c<br \/>\n<em>Selwyn Harris, Jazzwise<\/em><br \/>\n\u201e&#8230;un abbraccio virtuoso e stimolante tra generazioni dalla mente aperta e dalla voglia continua di mettersi in gioco.\u201c<br \/>\n<em>Vincenzo Roggero, Italia all about jaz<\/em>z<br \/>\n\u201e&#8230; Ensemble 5 embraces a great deal of fertile musical space.\u201c<br \/>\n<em>Glenn Astarita, all about jazz<\/em><br \/>\n\u201e&#8230; a true simulation of human feelings.\u201c<br \/>\n<em>Ettore Garzia, Percorsi Musicali<\/em><br \/>\n\u201e&#8230; a really enjoyable and uplifting listening experience.\u201c<br \/>\n<em>Joacim Nyberg, Soundofmusic<\/em><br \/>\n\u201e&#8230; With Ensemble 5, Heinz Geisser has hit a gold streak. This second CD for Leo Records is even better than their debut. Eight pieces in the three-to-seven-minute range, all focused, rich, thrilling improvisations that go straight to the point. And \u201cMother Earth,\u201d with its atavistic chanting, is adorable. I just had to listen to this Cd twice in a row.\u201c<br \/>\n<em>Fran\u00e7ois Couture<\/em><br \/>\n\u201e&#8230; La loro musica vuole essere contemporanea, onnivora, quasi globalizzata perch\u00e8 in grado di prendere da tanti fonti di ispirazione e sa fondere i diversi elementi in modo coerente, a volte sottile a volte pi\u00f9 energizzante grazie al pianoforte ed alla ritmica che agiscono costantemente empatici su una linea di percorso molto chiara.\u201c<br \/>\n<em>Vittorio LoConte, Music Zoom<\/em><br \/>\n\u201e&#8230; Geisser [&#8230;] Blumer [&#8230;] Staub [&#8230;] und Morgenthaler brillieren immer wieder mit Soli, die sich jedoch stets in den \u00fcbergeordneten Kontext einer gemeinsamen Richtung einordnen &#8211; ohne sich dabei zu subordinieren. Nomen es omen: das Ensemblespiel der vier Musiker wird zu keinem Zeitpunkt sekund\u00e4r, sondern beherrscht das Geschehen im Studio souver\u00e4n.\u201c<br \/>\n<em>Rainer Bratfisch, Jazzpodium<\/em><br \/>\n\u201e&#8230; Frei geformter, transparenter, spannungsgeladener Jazz einer hervorragend aufgestellten, homogenen Band in ihrer zweiten Ver\u00f6ffentlichung.\u201c<br \/>\n<em>Christian Gysi, JazzLinks<\/em><br \/>\n\u201e&#8230; there is never a drift away from the metre and through the album the solidity is constant. This coherence in what is very evidently a suite of freely improvised free jazz is impressive: it depends of course on a vivacious, aural structure, itself drawn from a breadth of musical lexis and expression.\u201c<br \/>\n<em>Ken Cheetham, Jazz Views<\/em><br \/>\n\u201e&#8230; The freedom Ensemble 5 exhibits [is] a freedom to make music, real music.\u201c<br \/>\n<em>Mark Corroto, All About Jazz<\/em><br \/>\n<a href=\"http:\/\/robertmorgenthaler.ch\/wp-content\/uploads\/2013\/11\/IMG_9559.jpg\"><img loading=\"lazy\" decoding=\"async\" class=\" wp-image-66 alignnone\" alt=\"IMG_9559\" src=\"http:\/\/robertmorgenthaler.ch\/wp-content\/uploads\/2013\/11\/IMG_9559.jpg\" width=\"614\" height=\"461\" srcset=\"https:\/\/robertmorgenthaler.ch\/wp-content\/uploads\/2013\/11\/IMG_9559.jpg 1280w, https:\/\/robertmorgenthaler.ch\/wp-content\/uploads\/2013\/11\/IMG_9559-300x225.jpg 300w, https:\/\/robertmorgenthaler.ch\/wp-content\/uploads\/2013\/11\/IMG_9559-1024x768.jpg 1024w, https:\/\/robertmorgenthaler.ch\/wp-content\/uploads\/2013\/11\/IMG_9559-695x521.jpg 695w\" sizes=\"auto, (max-width: 614px) 100vw, 614px\" \/><\/a><\/p>\n","protected":false},"excerpt":{"rendered":"<p>&nbsp; Heinz Geisser \u2013 percussion Fridolin Blumer \u2013 bass Reto Staub \u2013 piano Robert Morgenthaler \u2013 trombone &nbsp; &nbsp; &nbsp; &nbsp; Das Ensemble 5 sch\u00f6pft aus einem grossen Pool von musikalischen Ausdrucksm\u00f6glichkeiten. Die verschiedenen Hintergr\u00fcnde der Bandmitglieder, ihr grosses Vokabular und ihre F\u00e4higkeit zuzuh\u00f6ren und aufeinander zu reagieren bilden das Grundger\u00fcst f\u00fcr die oft komplexe [&hellip;]<\/p>\n","protected":false},"author":1,"featured_media":0,"parent":0,"menu_order":0,"comment_status":"closed","ping_status":"closed","template":"","meta":{"footnotes":""},"class_list":["post-142","page","type-page","status-publish","hentry"],"_links":{"self":[{"href":"https:\/\/robertmorgenthaler.ch\/index.php?rest_route=\/wp\/v2\/pages\/142","targetHints":{"allow":["GET"]}}],"collection":[{"href":"https:\/\/robertmorgenthaler.ch\/index.php?rest_route=\/wp\/v2\/pages"}],"about":[{"href":"https:\/\/robertmorgenthaler.ch\/index.php?rest_route=\/wp\/v2\/types\/page"}],"author":[{"embeddable":true,"href":"https:\/\/robertmorgenthaler.ch\/index.php?rest_route=\/wp\/v2\/users\/1"}],"replies":[{"embeddable":true,"href":"https:\/\/robertmorgenthaler.ch\/index.php?rest_route=%2Fwp%2Fv2%2Fcomments&post=142"}],"version-history":[{"count":5,"href":"https:\/\/robertmorgenthaler.ch\/index.php?rest_route=\/wp\/v2\/pages\/142\/revisions"}],"predecessor-version":[{"id":417,"href":"https:\/\/robertmorgenthaler.ch\/index.php?rest_route=\/wp\/v2\/pages\/142\/revisions\/417"}],"wp:attachment":[{"href":"https:\/\/robertmorgenthaler.ch\/index.php?rest_route=%2Fwp%2Fv2%2Fmedia&parent=142"}],"curies":[{"name":"wp","href":"https:\/\/api.w.org\/{rel}","templated":true}]}}